{"id":16691,"date":"2024-08-01T17:32:17","date_gmt":"2024-08-01T20:32:17","guid":{"rendered":"https:\/\/delaspay.com.br\/?page_id=16691"},"modified":"2024-08-01T17:43:18","modified_gmt":"2024-08-01T20:43:18","slug":"delas-med","status":"publish","type":"page","link":"https:\/\/delaspay.com.br\/index.php\/delas-med\/","title":{"rendered":"Delas med"},"content":{"rendered":"\t\t<div data-elementor-type=\"wp-page\" data-elementor-id=\"16691\" class=\"elementor elementor-16691\" data-elementor-post-type=\"page\">\n\t\t\t\t\t\t<section class=\"elementor-section elementor-top-section elementor-element elementor-element-42ffe361 elementor-section-height-full elementor-section-boxed elementor-section-height-default elementor-section-items-middle jltma-glass-effect-no\" data-id=\"42ffe361\" data-element_type=\"section\" data-settings=\"{&quot;background_background&quot;:&quot;gradient&quot;}\">\n\t\t\t\t\t\t\t<div class=\"elementor-background-overlay\"><\/div>\n\t\t\t\t\t\t\t<div class=\"elementor-container elementor-column-gap-default\">\n\t\t\t\t\t<div class=\"elementor-column elementor-col-100 elementor-top-column elementor-element elementor-element-1e1d22d5 jltma-glass-effect-no\" data-id=\"1e1d22d5\" data-element_type=\"column\">\n\t\t\t<div class=\"elementor-widget-wrap elementor-element-populated\">\n\t\t\t\t\t\t<div class=\"elementor-element elementor-element-6bda997f elementor-hidden-desktop elementor-hidden-tablet jltma-glass-effect-no elementor-widget elementor-widget-image\" data-id=\"6bda997f\" data-element_type=\"widget\" data-widget_type=\"image.default\">\n\t\t\t\t<div class=\"elementor-widget-container\">\n\t\t\t\t\t\t\t\t\t\t\t\t\t\t\t<img decoding=\"async\" width=\"372\" height=\"92\" src=\"https:\/\/delaspay.com.br\/wp-content\/uploads\/2024\/04\/logosdelasss_Prancheta_1_copia_2-removebg-preview-1-e1738779611398.png\" class=\"attachment-large size-large wp-image-16395\" alt=\"\" srcset=\"https:\/\/delaspay.com.br\/wp-content\/uploads\/2024\/04\/logosdelasss_Prancheta_1_copia_2-removebg-preview-1-e1738779611398.png 372w, https:\/\/delaspay.com.br\/wp-content\/uploads\/2024\/04\/logosdelasss_Prancheta_1_copia_2-removebg-preview-1-e1738779611398-300x74.png 300w\" sizes=\"(max-width: 372px) 100vw, 372px\" \/>\t\t\t\t\t\t\t\t\t\t\t\t\t\t\t<\/div>\n\t\t\t\t<\/div>\n\t\t\t\t<div class=\"elementor-element elementor-element-79dc499d elementor-hidden-mobile jltma-glass-effect-no elementor-widget elementor-widget-image\" data-id=\"79dc499d\" data-element_type=\"widget\" data-widget_type=\"image.default\">\n\t\t\t\t<div class=\"elementor-widget-container\">\n\t\t\t\t\t\t\t\t\t\t\t\t\t\t\t<img decoding=\"async\" width=\"372\" height=\"92\" src=\"https:\/\/delaspay.com.br\/wp-content\/uploads\/2024\/04\/logosdelasss_Prancheta_1_copia_2-removebg-preview-1-e1738779611398.png\" class=\"attachment-full size-full wp-image-16395\" alt=\"\" srcset=\"https:\/\/delaspay.com.br\/wp-content\/uploads\/2024\/04\/logosdelasss_Prancheta_1_copia_2-removebg-preview-1-e1738779611398.png 372w, https:\/\/delaspay.com.br\/wp-content\/uploads\/2024\/04\/logosdelasss_Prancheta_1_copia_2-removebg-preview-1-e1738779611398-300x74.png 300w\" sizes=\"(max-width: 372px) 100vw, 372px\" \/>\t\t\t\t\t\t\t\t\t\t\t\t\t\t\t<\/div>\n\t\t\t\t<\/div>\n\t\t\t\t<section class=\"elementor-section elementor-inner-section elementor-element elementor-element-788d1f09 elementor-section-boxed elementor-section-height-default elementor-section-height-default jltma-glass-effect-no\" data-id=\"788d1f09\" data-element_type=\"section\">\n\t\t\t\t\t\t<div class=\"elementor-container elementor-column-gap-default\">\n\t\t\t\t\t<div class=\"elementor-column elementor-col-50 elementor-inner-column elementor-element elementor-element-3261e20b jltma-glass-effect-no\" data-id=\"3261e20b\" data-element_type=\"column\">\n\t\t\t<div class=\"elementor-widget-wrap elementor-element-populated\">\n\t\t\t\t\t\t<div class=\"elementor-element elementor-element-3798c76f ekit-equal-height-disable jltma-glass-effect-no elementor-widget elementor-widget-elementskit-icon-box\" data-id=\"3798c76f\" data-element_type=\"widget\" data-widget_type=\"elementskit-icon-box.default\">\n\t\t\t\t<div class=\"elementor-widget-container\">\n\t\t\t\t\t<div class=\"ekit-wid-con\" >        <!-- link opening -->\n                <!-- end link opening -->\n\n        <div class=\"elementskit-infobox text- text-left icon-lef-right-aligin elementor-animation- media  \">\n                            <div class=\"elementskit-box-header\">\n                <div class=\"elementskit-info-box-icon text-center\">\n                    <img fetchpriority=\"high\" decoding=\"async\" width=\"512\" height=\"512\" src=\"https:\/\/delaspay.com.br\/wp-content\/uploads\/2024\/08\/brasil.png\" class=\"attachment- size-\" alt=\"\" srcset=\"https:\/\/delaspay.com.br\/wp-content\/uploads\/2024\/08\/brasil.png 512w, https:\/\/delaspay.com.br\/wp-content\/uploads\/2024\/08\/brasil-300x300.png 300w, https:\/\/delaspay.com.br\/wp-content\/uploads\/2024\/08\/brasil-150x150.png 150w, https:\/\/delaspay.com.br\/wp-content\/uploads\/2024\/08\/brasil-500x500.png 500w, https:\/\/delaspay.com.br\/wp-content\/uploads\/2024\/08\/brasil-100x100.png 100w\" sizes=\"(max-width: 512px) 100vw, 512px\" \/>                <\/div>\n          <\/div>\n                <div class=\"box-body\">\n                        \t\t  \t<p>Bem-vindo! Se voc\u00ea \u00e9 brasileiro e est\u00e1 atualmente no Brasil, clique no bot\u00e3o abaixo para acessar informa\u00e7\u00f5es e servi\u00e7os exclusivos dispon\u00edveis para voc\u00ea.<\/p>\n                                        <div class=\"box-footer disable_hover_button\">\n                    <div class=\"btn-wraper\">\n                                                            <a class=\"elementskit-btn whitespace--normal\" href=\"https:\/\/delaspay.com.br\/index.php\/delas-med-br\/\" target=\"_blank\">\n                                        Acessar Site                                    <\/a>\n                                                        <\/div>\n                <\/div>\n                    <\/div>\n        \n        \n                <\/div>\n        <\/div>\t\t\t\t<\/div>\n\t\t\t\t<\/div>\n\t\t\t\t\t<\/div>\n\t\t<\/div>\n\t\t\t\t<div class=\"elementor-column elementor-col-50 elementor-inner-column elementor-element elementor-element-ff4537b jltma-glass-effect-no\" data-id=\"ff4537b\" data-element_type=\"column\">\n\t\t\t<div class=\"elementor-widget-wrap elementor-element-populated\">\n\t\t\t\t\t\t<div class=\"elementor-element elementor-element-2f0e4a1f ekit-equal-height-disable jltma-glass-effect-no elementor-widget elementor-widget-elementskit-icon-box\" data-id=\"2f0e4a1f\" data-element_type=\"widget\" data-widget_type=\"elementskit-icon-box.default\">\n\t\t\t\t<div class=\"elementor-widget-container\">\n\t\t\t\t\t<div class=\"ekit-wid-con\" >        <!-- link opening -->\n                <!-- end link opening -->\n\n        <div class=\"elementskit-infobox text- text-left icon-lef-right-aligin elementor-animation- media  \">\n                            <div class=\"elementskit-box-header\">\n                <div class=\"elementskit-info-box-icon text-center\">\n                    <img loading=\"lazy\" decoding=\"async\" width=\"512\" height=\"512\" src=\"https:\/\/delaspay.com.br\/wp-content\/uploads\/2024\/08\/estados-unidos.png\" class=\"attachment- size-\" alt=\"\" srcset=\"https:\/\/delaspay.com.br\/wp-content\/uploads\/2024\/08\/estados-unidos.png 512w, https:\/\/delaspay.com.br\/wp-content\/uploads\/2024\/08\/estados-unidos-300x300.png 300w, https:\/\/delaspay.com.br\/wp-content\/uploads\/2024\/08\/estados-unidos-150x150.png 150w, https:\/\/delaspay.com.br\/wp-content\/uploads\/2024\/08\/estados-unidos-500x500.png 500w, https:\/\/delaspay.com.br\/wp-content\/uploads\/2024\/08\/estados-unidos-100x100.png 100w\" sizes=\"(max-width: 512px) 100vw, 512px\" \/>                <\/div>\n          <\/div>\n                <div class=\"box-body\">\n                        \t\t  \t<p>Bem-vindo! Se voc\u00ea \u00e9 brasileiro e est\u00e1 atualmente nos EUA, clique no bot\u00e3o abaixo para acessar informa\u00e7\u00f5es e servi\u00e7os exclusivos dispon\u00edveis para voc\u00ea.<\/p>\n                                        <div class=\"box-footer disable_hover_button\">\n                    <div class=\"btn-wraper\">\n                                                            <a class=\"elementskit-btn whitespace--normal\" href=\"https:\/\/delaspay.com.br\/index.php\/delas-med-eua\/\" target=\"_blank\">\n                                        Acessar Site                                    <\/a>\n                                                        <\/div>\n                <\/div>\n                    <\/div>\n        \n        \n                <\/div>\n        <\/div>\t\t\t\t<\/div>\n\t\t\t\t<\/div>\n\t\t\t\t\t<\/div>\n\t\t<\/div>\n\t\t\t\t\t<\/div>\n\t\t<\/section>\n\t\t\t\t<section class=\"elementor-section elementor-inner-section elementor-element elementor-element-3a70942b elementor-section-boxed elementor-section-height-default elementor-section-height-default jltma-glass-effect-no\" data-id=\"3a70942b\" data-element_type=\"section\">\n\t\t\t\t\t\t<div class=\"elementor-container elementor-column-gap-default\">\n\t\t\t\t\t<div class=\"elementor-column elementor-col-100 elementor-inner-column elementor-element elementor-element-512f447 jltma-glass-effect-no\" data-id=\"512f447\" data-element_type=\"column\">\n\t\t\t<div class=\"elementor-widget-wrap\">\n\t\t\t\t\t\t\t<\/div>\n\t\t<\/div>\n\t\t\t\t\t<\/div>\n\t\t<\/section>\n\t\t\t\t\t<\/div>\n\t\t<\/div>\n\t\t\t\t\t<\/div>\n\t\t<\/section>\n\t\t\t\t<\/div>\n\t\t","protected":false},"excerpt":{"rendered":"<p>Bem-vindo! Se voc\u00ea \u00e9 brasileiro e est\u00e1 atualmente no Brasil, clique no bot\u00e3o abaixo para acessar informa\u00e7\u00f5es e servi\u00e7os exclusivos dispon\u00edveis para voc\u00ea. Acessar Site Bem-vindo! Se voc\u00ea \u00e9 brasileiro e est\u00e1 atualmente nos EUA, clique no bot\u00e3o abaixo para acessar informa\u00e7\u00f5es e servi\u00e7os exclusivos dispon\u00edveis para voc\u00ea. Acessar Site<\/p>\n","protected":false},"author":1,"featured_media":0,"parent":0,"menu_order":0,"comment_status":"closed","ping_status":"closed","template":"elementor_canvas","meta":{"footnotes":""},"class_list":["post-16691","page","type-page","status-publish","hentry"],"_links":{"self":[{"href":"https:\/\/delaspay.com.br\/index.php\/wp-json\/wp\/v2\/pages\/16691","targetHints":{"allow":["GET"]}}],"collection":[{"href":"https:\/\/delaspay.com.br\/index.php\/wp-json\/wp\/v2\/pages"}],"about":[{"href":"https:\/\/delaspay.com.br\/index.php\/wp-json\/wp\/v2\/types\/page"}],"author":[{"embeddable":true,"href":"https:\/\/delaspay.com.br\/index.php\/wp-json\/wp\/v2\/users\/1"}],"replies":[{"embeddable":true,"href":"https:\/\/delaspay.com.br\/index.php\/wp-json\/wp\/v2\/comments?post=16691"}],"version-history":[{"count":17,"href":"https:\/\/delaspay.com.br\/index.php\/wp-json\/wp\/v2\/pages\/16691\/revisions"}],"predecessor-version":[{"id":16716,"href":"https:\/\/delaspay.com.br\/index.php\/wp-json\/wp\/v2\/pages\/16691\/revisions\/16716"}],"wp:attachment":[{"href":"https:\/\/delaspay.com.br\/index.php\/wp-json\/wp\/v2\/media?parent=16691"}],"curies":[{"name":"wp","href":"https:\/\/api.w.org\/{rel}","templated":true}]}}